{"id":328,"date":"2017-01-05T17:32:45","date_gmt":"2017-01-05T17:32:45","guid":{"rendered":"https:\/\/demo.wolfthemes.com\/gaia\/?page_id=328"},"modified":"2019-12-26T12:08:32","modified_gmt":"2019-12-26T12:08:32","slug":"about-us","status":"publish","type":"page","link":"https:\/\/bestwallpapers.net\/desktop\/about-us\/","title":{"rendered":"About Us"},"content":{"rendered":"<p><strong>BESTWALLPAPERS<\/strong> is a project realized by MUHAMMED ADIG\u00dcZEL in 2018. Situated in the wallpaper agenda in The World provides users with a language everyone can understand. Makes photo reviews with a sincere and simple presentation about wallpaper products and aims to raise awareness of the photos world by providing only the necessary information.<\/p>\n<p><strong>BESTWALLPAPERS<\/strong> is an unbiased phone and desktop wallpaper portal and produces its content with its own staff. It offers free articles and photos and up-to-date content in the technology field of interest to its visitors.<\/p>\n<p>You can contact admin@bestwallpaper.net to contact the <strong>BESTWALLPAPERS<\/strong> team. For more information, visit the <strong>contact<\/strong> and <strong>Privacy Policy<\/strong> pages.<\/p>\n<p>\u2014 BESTWALLPAPERS provides high quality and completely free stock photos licensed under the &#8221;bestwallpaper&#8221; license. All photos are nicely tagged, searchable and also easy to discover through our discover pages.<\/p>\n<p>\u2014 We have millions of free stock photos and every day new high-resolution photos will be added. All photos are hand-picked from photos uploaded by our users or sourced from free image websites. We make sure all published pictures are high-quality and licensed under the &#8221;bestwallpapers&#8221; license.<\/p>\n<h3>Team<\/h3>\n<p>BESTWALLPAPERS S\u0130TE is run by &#8221;Muhammed ad\u0131g\u00fczel&#8221; and &#8221;m\u00fcberra ad\u0131g\u00fczel&#8221;. &#8221;Muhammed ad\u0131g\u00fczel&#8221; and &#8221;m\u00fcberra ad\u0131g\u00fczel&#8221;-founded &#8221;best wallpapers&#8221; site together in 2018.<\/p>\n<p>&nbsp;<\/p>\n<h3>Bestwallpapers Mission<\/h3>\n<p>We help millions of designers, writers, artists, programmers and other creators to get access to beautiful photos that they can use freely which empowers them to create amazing products, designs, stories, websites, apps, art, and other work. We call it: &#8220;Empowering Creators&#8221;<\/p>\n<div id=\"gtx-trans\" style=\"position: absolute; left: 159px; top: 458px;\">\n<div class=\"gtx-trans-icon\"><\/div>\n<\/div>\n<p><a href=\"\/\/www.pinterest.com\/pin\/create\/button\/\" data-pin-do=\"buttonBookmark\" data-pin-color=\"red\" data-pin-height=\"128\"><img src=\"\/\/assets.pinterest.com\/images\/pidgets\/pinit_fg_en_rect_red_28.png\" \/><\/a><\/p>","protected":false},"excerpt":{"rendered":"<p>BESTWALLPAPERS is a project realized by MUHAMMED ADIG\u00dcZEL in 2018. Situated in the wallpaper agenda in The World provides users with a language everyone can understand. Makes photo reviews with a sincere and simple presentation about wallpaper products and aims to raise awareness of the photos world by providing only the necessary information. BESTWALLPAPERS is&#8230;<\/p>\n<p><a rel=\"bookmark\" class=\"more-link more-link wolf-button\" href=\"https:\/\/bestwallpapers.net\/desktop\/about-us\/\"><span>Continue reading<\/span><\/a><\/p>\n","protected":false},"author":1,"featured_media":0,"parent":0,"menu_order":0,"comment_status":"closed","ping_status":"closed","template":"page-templates\/full-width.php","meta":[],"yoast_head":"<!-- This site is optimized with the Yoast SEO plugin v17.8 - https:\/\/yoast.com\/wordpress\/plugins\/seo\/ -->\n<title>About Us - Download Free HD Wallpapers<\/title>\n<meta name=\"description\" content=\"Desktop Wallpapers - BESTWALLPAPERS is a project realized by MUHAMMED ADIG\u00dcZEL in 2018. Situated in the wallpaper agenda in The World provides users with a language everyone\" \/>\n<meta name=\"robots\" content=\"index, follow, max-snippet:-1, max-image-preview:large, max-video-preview:-1\" \/>\n<link rel=\"canonical\" href=\"https:\/\/bestwallpapers.net\/desktop\/about-us\/\" \/>\n<meta property=\"og:locale\" content=\"tr_TR\" \/>\n<meta property=\"og:type\" content=\"article\" \/>\n<meta property=\"og:title\" content=\"About Us - Download Free HD Wallpapers\" \/>\n<meta property=\"og:description\" content=\"Desktop Wallpapers - BESTWALLPAPERS is a project realized by MUHAMMED ADIG\u00dcZEL in 2018. Situated in the wallpaper agenda in The World provides users with a language everyone\" \/>\n<meta property=\"og:url\" content=\"https:\/\/bestwallpapers.net\/desktop\/about-us\/\" \/>\n<meta property=\"og:site_name\" content=\"Desktop Wallpapers\" \/>\n<meta property=\"article:publisher\" content=\"https:\/\/www.facebook.com\/bestwallpaprs\" \/>\n<meta property=\"article:modified_time\" content=\"2019-12-26T12:08:32+00:00\" \/>\n<meta name=\"twitter:card\" content=\"summary_large_image\" \/>\n<meta name=\"twitter:site\" content=\"@Bestwallpaprs\" \/>\n<meta name=\"twitter:label1\" content=\"Tahmini okuma s\u00fcresi\" \/>\n\t<meta name=\"twitter:data1\" content=\"1 dakika\" \/>\n<script type=\"application\/ld+json\" class=\"yoast-schema-graph\">{\"@context\":\"https:\/\/schema.org\",\"@graph\":[{\"@type\":\"Organization\",\"@id\":\"https:\/\/bestwallpapers.net\/desktop\/#organization\",\"name\":\"Desktop Wallpapers - Mac, Windows, PC Wallpapers Free Download\",\"url\":\"https:\/\/bestwallpapers.net\/desktop\/\",\"sameAs\":[\"https:\/\/www.facebook.com\/bestwallpaprs\",\"https:\/\/www.instagram.com\/bestwallpaprs\/\",\"https:\/\/www.pinterest.de\/BestWallpaprs\/\",\"https:\/\/twitter.com\/Bestwallpaprs\"],\"logo\":{\"@type\":\"ImageObject\",\"@id\":\"https:\/\/bestwallpapers.net\/desktop\/#logo\",\"inLanguage\":\"tr\",\"url\":\"https:\/\/bestwallpapers.net\/desktop\/wp-content\/uploads\/2020\/03\/bestwallpapers-logo-w\\u0130GHT.png\",\"contentUrl\":\"https:\/\/bestwallpapers.net\/desktop\/wp-content\/uploads\/2020\/03\/bestwallpapers-logo-w\\u0130GHT.png\",\"width\":594,\"height\":512,\"caption\":\"Desktop Wallpapers - Mac, Windows, PC Wallpapers Free Download\"},\"image\":{\"@id\":\"https:\/\/bestwallpapers.net\/desktop\/#logo\"}},{\"@type\":\"WebSite\",\"@id\":\"https:\/\/bestwallpapers.net\/desktop\/#website\",\"url\":\"https:\/\/bestwallpapers.net\/desktop\/\",\"name\":\"Desktop Wallpapers\",\"description\":\"Best Wallpapers * You Can Download The Best Wallpapers We Have Prepared For You For Free, We have a lot of different topics like Nature, Abstract, Car, 4K,\",\"publisher\":{\"@id\":\"https:\/\/bestwallpapers.net\/desktop\/#organization\"},\"potentialAction\":[{\"@type\":\"SearchAction\",\"target\":{\"@type\":\"EntryPoint\",\"urlTemplate\":\"https:\/\/bestwallpapers.net\/desktop\/?s={search_term_string}\"},\"query-input\":\"required name=search_term_string\"}],\"inLanguage\":\"tr\"},{\"@type\":\"WebPage\",\"@id\":\"https:\/\/bestwallpapers.net\/desktop\/about-us\/#webpage\",\"url\":\"https:\/\/bestwallpapers.net\/desktop\/about-us\/\",\"name\":\"About Us - Download Free HD Wallpapers\",\"isPartOf\":{\"@id\":\"https:\/\/bestwallpapers.net\/desktop\/#website\"},\"datePublished\":\"2017-01-05T17:32:45+00:00\",\"dateModified\":\"2019-12-26T12:08:32+00:00\",\"description\":\"Desktop Wallpapers - BESTWALLPAPERS is a project realized by MUHAMMED ADIG\\u00dcZEL in 2018. Situated in the wallpaper agenda in The World provides users with a language everyone\",\"breadcrumb\":{\"@id\":\"https:\/\/bestwallpapers.net\/desktop\/about-us\/#breadcrumb\"},\"inLanguage\":\"tr\",\"potentialAction\":[{\"@type\":\"ReadAction\",\"target\":[\"https:\/\/bestwallpapers.net\/desktop\/about-us\/\"]}]},{\"@type\":\"BreadcrumbList\",\"@id\":\"https:\/\/bestwallpapers.net\/desktop\/about-us\/#breadcrumb\",\"itemListElement\":[{\"@type\":\"ListItem\",\"position\":1,\"name\":\"Ana sayfa\",\"item\":\"https:\/\/bestwallpapers.net\/desktop\/\"},{\"@type\":\"ListItem\",\"position\":2,\"name\":\"About Us\"}]}]}<\/script>\n<!-- \/ Yoast SEO plugin. -->","yoast_head_json":{"title":"About Us - Download Free HD Wallpapers","description":"Desktop Wallpapers - BESTWALLPAPERS is a project realized by MUHAMMED ADIG\u00dcZEL in 2018. Situated in the wallpaper agenda in The World provides users with a language everyone","robots":{"index":"index","follow":"follow","max-snippet":"max-snippet:-1","max-image-preview":"max-image-preview:large","max-video-preview":"max-video-preview:-1"},"canonical":"https:\/\/bestwallpapers.net\/desktop\/about-us\/","og_locale":"tr_TR","og_type":"article","og_title":"About Us - Download Free HD Wallpapers","og_description":"Desktop Wallpapers - BESTWALLPAPERS is a project realized by MUHAMMED ADIG\u00dcZEL in 2018. Situated in the wallpaper agenda in The World provides users with a language everyone","og_url":"https:\/\/bestwallpapers.net\/desktop\/about-us\/","og_site_name":"Desktop Wallpapers","article_publisher":"https:\/\/www.facebook.com\/bestwallpaprs","article_modified_time":"2019-12-26T12:08:32+00:00","twitter_card":"summary_large_image","twitter_site":"@Bestwallpaprs","twitter_misc":{"Tahmini okuma s\u00fcresi":"1 dakika"},"schema":{"@context":"https:\/\/schema.org","@graph":[{"@type":"Organization","@id":"https:\/\/bestwallpapers.net\/desktop\/#organization","name":"Desktop Wallpapers - Mac, Windows, PC Wallpapers Free Download","url":"https:\/\/bestwallpapers.net\/desktop\/","sameAs":["https:\/\/www.facebook.com\/bestwallpaprs","https:\/\/www.instagram.com\/bestwallpaprs\/","https:\/\/www.pinterest.de\/BestWallpaprs\/","https:\/\/twitter.com\/Bestwallpaprs"],"logo":{"@type":"ImageObject","@id":"https:\/\/bestwallpapers.net\/desktop\/#logo","inLanguage":"tr","url":"https:\/\/bestwallpapers.net\/desktop\/wp-content\/uploads\/2020\/03\/bestwallpapers-logo-w\u0130GHT.png","contentUrl":"https:\/\/bestwallpapers.net\/desktop\/wp-content\/uploads\/2020\/03\/bestwallpapers-logo-w\u0130GHT.png","width":594,"height":512,"caption":"Desktop Wallpapers - Mac, Windows, PC Wallpapers Free Download"},"image":{"@id":"https:\/\/bestwallpapers.net\/desktop\/#logo"}},{"@type":"WebSite","@id":"https:\/\/bestwallpapers.net\/desktop\/#website","url":"https:\/\/bestwallpapers.net\/desktop\/","name":"Desktop Wallpapers","description":"Best Wallpapers * You Can Download The Best Wallpapers We Have Prepared For You For Free, We have a lot of different topics like Nature, Abstract, Car, 4K,","publisher":{"@id":"https:\/\/bestwallpapers.net\/desktop\/#organization"},"potentialAction":[{"@type":"SearchAction","target":{"@type":"EntryPoint","urlTemplate":"https:\/\/bestwallpapers.net\/desktop\/?s={search_term_string}"},"query-input":"required name=search_term_string"}],"inLanguage":"tr"},{"@type":"WebPage","@id":"https:\/\/bestwallpapers.net\/desktop\/about-us\/#webpage","url":"https:\/\/bestwallpapers.net\/desktop\/about-us\/","name":"About Us - Download Free HD Wallpapers","isPartOf":{"@id":"https:\/\/bestwallpapers.net\/desktop\/#website"},"datePublished":"2017-01-05T17:32:45+00:00","dateModified":"2019-12-26T12:08:32+00:00","description":"Desktop Wallpapers - BESTWALLPAPERS is a project realized by MUHAMMED ADIG\u00dcZEL in 2018. Situated in the wallpaper agenda in The World provides users with a language everyone","breadcrumb":{"@id":"https:\/\/bestwallpapers.net\/desktop\/about-us\/#breadcrumb"},"inLanguage":"tr","potentialAction":[{"@type":"ReadAction","target":["https:\/\/bestwallpapers.net\/desktop\/about-us\/"]}]},{"@type":"BreadcrumbList","@id":"https:\/\/bestwallpapers.net\/desktop\/about-us\/#breadcrumb","itemListElement":[{"@type":"ListItem","position":1,"name":"Ana sayfa","item":"https:\/\/bestwallpapers.net\/desktop\/"},{"@type":"ListItem","position":2,"name":"About Us"}]}]}},"_links":{"self":[{"href":"https:\/\/bestwallpapers.net\/desktop\/wp-json\/wp\/v2\/pages\/328"}],"collection":[{"href":"https:\/\/bestwallpapers.net\/desktop\/wp-json\/wp\/v2\/pages"}],"about":[{"href":"https:\/\/bestwallpapers.net\/desktop\/wp-json\/wp\/v2\/types\/page"}],"author":[{"embeddable":true,"href":"https:\/\/bestwallpapers.net\/desktop\/wp-json\/wp\/v2\/users\/1"}],"replies":[{"embeddable":true,"href":"https:\/\/bestwallpapers.net\/desktop\/wp-json\/wp\/v2\/comments?post=328"}],"version-history":[{"count":0,"href":"https:\/\/bestwallpapers.net\/desktop\/wp-json\/wp\/v2\/pages\/328\/revisions"}],"wp:attachment":[{"href":"https:\/\/bestwallpapers.net\/desktop\/wp-json\/wp\/v2\/media?parent=328"}],"curies":[{"name":"wp","href":"https:\/\/api.w.org\/{rel}","templated":true}]}}