{"id":673,"date":"2019-12-23T13:46:56","date_gmt":"2019-12-23T13:46:56","guid":{"rendered":"https:\/\/bestwallpapers.net\/desktop\/?page_id=673"},"modified":"2020-01-30T14:57:22","modified_gmt":"2020-01-30T14:57:22","slug":"bestwallpapers-team","status":"publish","type":"page","link":"https:\/\/bestwallpapers.net\/desktop\/bestwallpapers-team\/","title":{"rendered":"Bestwallpapers Team"},"content":{"rendered":"<h3>Team<\/h3>\n<p>BESTWALLPAPERS.net is run by &#8221;Muhammed ad\u0131g\u00fczel&#8221; and &#8221;m\u00fcberra ad\u0131g\u00fczel&#8221;. &#8221;Muhammed ad\u0131g\u00fczel&#8221; and &#8221;m\u00fcberra ad\u0131g\u00fczel&#8221;-founded &#8221;best wallpapers&#8221; site together in 2018.<\/p>\n<h3>Bestwallpapers.net Mission<\/h3>\n<p>We help millions of designers, writers, artists, programmers and other creators to get access to beautiful photos that they can use freely which empowers them to create amazing products, designs, stories, websites, apps, art, and other work. We call it: &#8220;Empowering Creators&#8221;<\/p>\n<h3>MUHAMMED ADIG\u00dcZEL<\/h3>\n<h3><img loading=\"lazy\" class=\"alignnone wp-image-12261\" src=\"https:\/\/techannels.com\/wp-content\/uploads\/2019\/09\/IMG_8861.jpg\" sizes=\"(max-width: 135px) 100vw, 135px\" srcset=\"https:\/\/techannels.com\/wp-content\/uploads\/2019\/09\/IMG_8861.jpg 486w, https:\/\/techannels.com\/wp-content\/uploads\/2019\/09\/IMG_8861-267x300.jpg 267w\" alt=\"\" width=\"135\" height=\"152\" \/><\/h3>\n<p><strong>ABOUT:<\/strong> My name is Muhammed Adiguzel. I&#8217;m 21 years old. I was born in Sakarya and I live ln (TURKEY) Sakarya with my family.<\/p>\n<p>I studied the \u201cforestry department\u201d at university. I graduated from &#8221;Abant \u0130zzet Baysal Turkey&#8221; in 2016.<\/p>\n<p>after that, My current job is the webmaster but I want love to continue my career as a CEO at Techannels.<\/p>\n<p><strong>PLACE OF LIVING: TURKEY \/SAKARYA\u00a0<\/strong><\/p>\n<h3><strong>TASK: CEO\u00a0<\/strong><\/h3>\n<p><strong>CONTACT: 6154muhammed@gmail.com<\/strong><\/p>\n<p><strong>SOCIAL MEDIA<\/strong>:\u00a0<strong><a href=\"https:\/\/www.facebook.com\/adgzel54\">FACEBOOK<\/a><\/strong><\/p>\n<h3><\/h3>\n<h3><strong>M\u00dcBERRA ADIG\u00dcZEL\u00a0<\/strong><\/h3>\n<p><img loading=\"lazy\" class=\"alignnone wp-image-12260\" src=\"https:\/\/techannels.com\/wp-content\/uploads\/2019\/09\/IMG-20190715-WA0025.jpg\" sizes=\"(max-width: 78px) 100vw, 78px\" srcset=\"https:\/\/techannels.com\/wp-content\/uploads\/2019\/09\/IMG-20190715-WA0025.jpg 900w, https:\/\/techannels.com\/wp-content\/uploads\/2019\/09\/IMG-20190715-WA0025-169x300.jpg 169w, https:\/\/techannels.com\/wp-content\/uploads\/2019\/09\/IMG-20190715-WA0025-768x1365.jpg 768w, https:\/\/techannels.com\/wp-content\/uploads\/2019\/09\/IMG-20190715-WA0025-338x600.jpg 338w\" alt=\"\" width=\"78\" height=\"138\" \/><\/p>\n<p><strong>ABOUT<\/strong>: I was born and raised in Germany, I married I moved to Turkey, I am 19 years old. I work part-time on this site. I love technology and I like to make the news. I don\u2019t use social media<\/p>\n<p><strong>PLACE OF LIVING:<\/strong>\u00a0GERMANY BAD SALZUFLEN<\/p>\n<p><strong>TASK:<\/strong>\u00a0EDITOR, WRITERS<\/p>\n<p><strong>CONTACT<\/strong>: mbrratr@bestwallpapers.net<\/p>\n<p>&nbsp;<\/p>\n<p><a href=\"\/\/www.pinterest.com\/pin\/create\/button\/\" data-pin-do=\"buttonBookmark\" data-pin-color=\"red\" data-pin-height=\"128\"><img src=\"\/\/assets.pinterest.com\/images\/pidgets\/pinit_fg_en_rect_red_28.png\" \/><\/a><\/p>","protected":false},"excerpt":{"rendered":"<p>Team BESTWALLPAPERS.net is run by &#8221;Muhammed ad\u0131g\u00fczel&#8221; and &#8221;m\u00fcberra ad\u0131g\u00fczel&#8221;. &#8221;Muhammed ad\u0131g\u00fczel&#8221; and &#8221;m\u00fcberra ad\u0131g\u00fczel&#8221;-founded &#8221;best wallpapers&#8221; site together in 2018. Bestwallpapers.net Mission We help millions of designers, writers, artists, programmers and other creators to get access to beautiful photos that they can use freely which empowers them to create amazing products, designs, stories, websites,&#8230;<\/p>\n<p><a rel=\"bookmark\" class=\"more-link more-link wolf-button\" href=\"https:\/\/bestwallpapers.net\/desktop\/bestwallpapers-team\/\"><span>Continue reading<\/span><\/a><\/p>\n","protected":false},"author":1,"featured_media":0,"parent":0,"menu_order":0,"comment_status":"closed","ping_status":"closed","template":"page-templates\/full-width.php","meta":[],"yoast_head":"<!-- This site is optimized with the Yoast SEO plugin v17.8 - https:\/\/yoast.com\/wordpress\/plugins\/seo\/ -->\n<title>Bestwallpapers Team<\/title>\n<meta name=\"description\" content=\"Desktop Wallpapers - Team BESTWALLPAPERS.net is run by &#039;&#039;Muhammed ad\u0131g\u00fczel&#039;&#039; and &#039;&#039;m\u00fcberra ad\u0131g\u00fczel&#039;&#039;. &#039;&#039;Muhammed ad\u0131g\u00fczel&#039;&#039; and &#039;&#039;m\u00fcberra ad\u0131g\u00fczel&#039;&#039;-founded &#039;&#039;best\" \/>\n<meta name=\"robots\" content=\"index, follow, max-snippet:-1, max-image-preview:large, max-video-preview:-1\" \/>\n<link rel=\"canonical\" href=\"https:\/\/bestwallpapers.net\/desktop\/bestwallpapers-team\/\" \/>\n<meta property=\"og:locale\" content=\"tr_TR\" \/>\n<meta property=\"og:type\" content=\"article\" \/>\n<meta property=\"og:title\" content=\"Bestwallpapers Team\" \/>\n<meta property=\"og:description\" content=\"Desktop Wallpapers - Team BESTWALLPAPERS.net is run by &#039;&#039;Muhammed ad\u0131g\u00fczel&#039;&#039; and &#039;&#039;m\u00fcberra ad\u0131g\u00fczel&#039;&#039;. &#039;&#039;Muhammed ad\u0131g\u00fczel&#039;&#039; and &#039;&#039;m\u00fcberra ad\u0131g\u00fczel&#039;&#039;-founded &#039;&#039;best\" \/>\n<meta property=\"og:url\" content=\"https:\/\/bestwallpapers.net\/desktop\/bestwallpapers-team\/\" \/>\n<meta property=\"og:site_name\" content=\"Desktop Wallpapers\" \/>\n<meta property=\"article:publisher\" content=\"https:\/\/www.facebook.com\/bestwallpaprs\" \/>\n<meta property=\"article:modified_time\" content=\"2020-01-30T14:57:22+00:00\" \/>\n<meta property=\"og:image\" content=\"https:\/\/techannels.com\/wp-content\/uploads\/2019\/09\/IMG_8861.jpg\" \/>\n<meta name=\"twitter:card\" content=\"summary_large_image\" \/>\n<meta name=\"twitter:site\" content=\"@Bestwallpaprs\" \/>\n<meta name=\"twitter:label1\" content=\"Tahmini okuma s\u00fcresi\" \/>\n\t<meta name=\"twitter:data1\" content=\"1 dakika\" \/>\n<script type=\"application\/ld+json\" class=\"yoast-schema-graph\">{\"@context\":\"https:\/\/schema.org\",\"@graph\":[{\"@type\":\"Organization\",\"@id\":\"https:\/\/bestwallpapers.net\/desktop\/#organization\",\"name\":\"Desktop Wallpapers - Mac, Windows, PC Wallpapers Free Download\",\"url\":\"https:\/\/bestwallpapers.net\/desktop\/\",\"sameAs\":[\"https:\/\/www.facebook.com\/bestwallpaprs\",\"https:\/\/www.instagram.com\/bestwallpaprs\/\",\"https:\/\/www.pinterest.de\/BestWallpaprs\/\",\"https:\/\/twitter.com\/Bestwallpaprs\"],\"logo\":{\"@type\":\"ImageObject\",\"@id\":\"https:\/\/bestwallpapers.net\/desktop\/#logo\",\"inLanguage\":\"tr\",\"url\":\"https:\/\/bestwallpapers.net\/desktop\/wp-content\/uploads\/2020\/03\/bestwallpapers-logo-w\\u0130GHT.png\",\"contentUrl\":\"https:\/\/bestwallpapers.net\/desktop\/wp-content\/uploads\/2020\/03\/bestwallpapers-logo-w\\u0130GHT.png\",\"width\":594,\"height\":512,\"caption\":\"Desktop Wallpapers - Mac, Windows, PC Wallpapers Free Download\"},\"image\":{\"@id\":\"https:\/\/bestwallpapers.net\/desktop\/#logo\"}},{\"@type\":\"WebSite\",\"@id\":\"https:\/\/bestwallpapers.net\/desktop\/#website\",\"url\":\"https:\/\/bestwallpapers.net\/desktop\/\",\"name\":\"Desktop Wallpapers\",\"description\":\"Best Wallpapers * You Can Download The Best Wallpapers We Have Prepared For You For Free, We have a lot of different topics like Nature, Abstract, Car, 4K,\",\"publisher\":{\"@id\":\"https:\/\/bestwallpapers.net\/desktop\/#organization\"},\"potentialAction\":[{\"@type\":\"SearchAction\",\"target\":{\"@type\":\"EntryPoint\",\"urlTemplate\":\"https:\/\/bestwallpapers.net\/desktop\/?s={search_term_string}\"},\"query-input\":\"required name=search_term_string\"}],\"inLanguage\":\"tr\"},{\"@type\":\"ImageObject\",\"@id\":\"https:\/\/bestwallpapers.net\/desktop\/bestwallpapers-team\/#primaryimage\",\"inLanguage\":\"tr\",\"url\":\"https:\/\/techannels.com\/wp-content\/uploads\/2019\/09\/IMG_8861.jpg\",\"contentUrl\":\"https:\/\/techannels.com\/wp-content\/uploads\/2019\/09\/IMG_8861.jpg\"},{\"@type\":\"WebPage\",\"@id\":\"https:\/\/bestwallpapers.net\/desktop\/bestwallpapers-team\/#webpage\",\"url\":\"https:\/\/bestwallpapers.net\/desktop\/bestwallpapers-team\/\",\"name\":\"Bestwallpapers Team\",\"isPartOf\":{\"@id\":\"https:\/\/bestwallpapers.net\/desktop\/#website\"},\"primaryImageOfPage\":{\"@id\":\"https:\/\/bestwallpapers.net\/desktop\/bestwallpapers-team\/#primaryimage\"},\"datePublished\":\"2019-12-23T13:46:56+00:00\",\"dateModified\":\"2020-01-30T14:57:22+00:00\",\"description\":\"Desktop Wallpapers - Team BESTWALLPAPERS.net is run by ''Muhammed ad\\u0131g\\u00fczel'' and ''m\\u00fcberra ad\\u0131g\\u00fczel''. ''Muhammed ad\\u0131g\\u00fczel'' and ''m\\u00fcberra ad\\u0131g\\u00fczel''-founded ''best\",\"breadcrumb\":{\"@id\":\"https:\/\/bestwallpapers.net\/desktop\/bestwallpapers-team\/#breadcrumb\"},\"inLanguage\":\"tr\",\"potentialAction\":[{\"@type\":\"ReadAction\",\"target\":[\"https:\/\/bestwallpapers.net\/desktop\/bestwallpapers-team\/\"]}]},{\"@type\":\"BreadcrumbList\",\"@id\":\"https:\/\/bestwallpapers.net\/desktop\/bestwallpapers-team\/#breadcrumb\",\"itemListElement\":[{\"@type\":\"ListItem\",\"position\":1,\"name\":\"Ana sayfa\",\"item\":\"https:\/\/bestwallpapers.net\/desktop\/\"},{\"@type\":\"ListItem\",\"position\":2,\"name\":\"Bestwallpapers Team\"}]}]}<\/script>\n<!-- \/ Yoast SEO plugin. -->","yoast_head_json":{"title":"Bestwallpapers Team","description":"Desktop Wallpapers - Team BESTWALLPAPERS.net is run by ''Muhammed ad\u0131g\u00fczel'' and ''m\u00fcberra ad\u0131g\u00fczel''. ''Muhammed ad\u0131g\u00fczel'' and ''m\u00fcberra ad\u0131g\u00fczel''-founded ''best","robots":{"index":"index","follow":"follow","max-snippet":"max-snippet:-1","max-image-preview":"max-image-preview:large","max-video-preview":"max-video-preview:-1"},"canonical":"https:\/\/bestwallpapers.net\/desktop\/bestwallpapers-team\/","og_locale":"tr_TR","og_type":"article","og_title":"Bestwallpapers Team","og_description":"Desktop Wallpapers - Team BESTWALLPAPERS.net is run by ''Muhammed ad\u0131g\u00fczel'' and ''m\u00fcberra ad\u0131g\u00fczel''. ''Muhammed ad\u0131g\u00fczel'' and ''m\u00fcberra ad\u0131g\u00fczel''-founded ''best","og_url":"https:\/\/bestwallpapers.net\/desktop\/bestwallpapers-team\/","og_site_name":"Desktop Wallpapers","article_publisher":"https:\/\/www.facebook.com\/bestwallpaprs","article_modified_time":"2020-01-30T14:57:22+00:00","og_image":[{"url":"https:\/\/techannels.com\/wp-content\/uploads\/2019\/09\/IMG_8861.jpg"}],"twitter_card":"summary_large_image","twitter_site":"@Bestwallpaprs","twitter_misc":{"Tahmini okuma s\u00fcresi":"1 dakika"},"schema":{"@context":"https:\/\/schema.org","@graph":[{"@type":"Organization","@id":"https:\/\/bestwallpapers.net\/desktop\/#organization","name":"Desktop Wallpapers - Mac, Windows, PC Wallpapers Free Download","url":"https:\/\/bestwallpapers.net\/desktop\/","sameAs":["https:\/\/www.facebook.com\/bestwallpaprs","https:\/\/www.instagram.com\/bestwallpaprs\/","https:\/\/www.pinterest.de\/BestWallpaprs\/","https:\/\/twitter.com\/Bestwallpaprs"],"logo":{"@type":"ImageObject","@id":"https:\/\/bestwallpapers.net\/desktop\/#logo","inLanguage":"tr","url":"https:\/\/bestwallpapers.net\/desktop\/wp-content\/uploads\/2020\/03\/bestwallpapers-logo-w\u0130GHT.png","contentUrl":"https:\/\/bestwallpapers.net\/desktop\/wp-content\/uploads\/2020\/03\/bestwallpapers-logo-w\u0130GHT.png","width":594,"height":512,"caption":"Desktop Wallpapers - Mac, Windows, PC Wallpapers Free Download"},"image":{"@id":"https:\/\/bestwallpapers.net\/desktop\/#logo"}},{"@type":"WebSite","@id":"https:\/\/bestwallpapers.net\/desktop\/#website","url":"https:\/\/bestwallpapers.net\/desktop\/","name":"Desktop Wallpapers","description":"Best Wallpapers * You Can Download The Best Wallpapers We Have Prepared For You For Free, We have a lot of different topics like Nature, Abstract, Car, 4K,","publisher":{"@id":"https:\/\/bestwallpapers.net\/desktop\/#organization"},"potentialAction":[{"@type":"SearchAction","target":{"@type":"EntryPoint","urlTemplate":"https:\/\/bestwallpapers.net\/desktop\/?s={search_term_string}"},"query-input":"required name=search_term_string"}],"inLanguage":"tr"},{"@type":"ImageObject","@id":"https:\/\/bestwallpapers.net\/desktop\/bestwallpapers-team\/#primaryimage","inLanguage":"tr","url":"https:\/\/techannels.com\/wp-content\/uploads\/2019\/09\/IMG_8861.jpg","contentUrl":"https:\/\/techannels.com\/wp-content\/uploads\/2019\/09\/IMG_8861.jpg"},{"@type":"WebPage","@id":"https:\/\/bestwallpapers.net\/desktop\/bestwallpapers-team\/#webpage","url":"https:\/\/bestwallpapers.net\/desktop\/bestwallpapers-team\/","name":"Bestwallpapers Team","isPartOf":{"@id":"https:\/\/bestwallpapers.net\/desktop\/#website"},"primaryImageOfPage":{"@id":"https:\/\/bestwallpapers.net\/desktop\/bestwallpapers-team\/#primaryimage"},"datePublished":"2019-12-23T13:46:56+00:00","dateModified":"2020-01-30T14:57:22+00:00","description":"Desktop Wallpapers - Team BESTWALLPAPERS.net is run by ''Muhammed ad\u0131g\u00fczel'' and ''m\u00fcberra ad\u0131g\u00fczel''. ''Muhammed ad\u0131g\u00fczel'' and ''m\u00fcberra ad\u0131g\u00fczel''-founded ''best","breadcrumb":{"@id":"https:\/\/bestwallpapers.net\/desktop\/bestwallpapers-team\/#breadcrumb"},"inLanguage":"tr","potentialAction":[{"@type":"ReadAction","target":["https:\/\/bestwallpapers.net\/desktop\/bestwallpapers-team\/"]}]},{"@type":"BreadcrumbList","@id":"https:\/\/bestwallpapers.net\/desktop\/bestwallpapers-team\/#breadcrumb","itemListElement":[{"@type":"ListItem","position":1,"name":"Ana sayfa","item":"https:\/\/bestwallpapers.net\/desktop\/"},{"@type":"ListItem","position":2,"name":"Bestwallpapers Team"}]}]}},"_links":{"self":[{"href":"https:\/\/bestwallpapers.net\/desktop\/wp-json\/wp\/v2\/pages\/673"}],"collection":[{"href":"https:\/\/bestwallpapers.net\/desktop\/wp-json\/wp\/v2\/pages"}],"about":[{"href":"https:\/\/bestwallpapers.net\/desktop\/wp-json\/wp\/v2\/types\/page"}],"author":[{"embeddable":true,"href":"https:\/\/bestwallpapers.net\/desktop\/wp-json\/wp\/v2\/users\/1"}],"replies":[{"embeddable":true,"href":"https:\/\/bestwallpapers.net\/desktop\/wp-json\/wp\/v2\/comments?post=673"}],"version-history":[{"count":0,"href":"https:\/\/bestwallpapers.net\/desktop\/wp-json\/wp\/v2\/pages\/673\/revisions"}],"wp:attachment":[{"href":"https:\/\/bestwallpapers.net\/desktop\/wp-json\/wp\/v2\/media?parent=673"}],"curies":[{"name":"wp","href":"https:\/\/api.w.org\/{rel}","templated":true}]}}